{"id":476,"date":"2025-04-03T12:39:44","date_gmt":"2025-04-03T12:39:44","guid":{"rendered":"https:\/\/astramyglow.com\/informacion-legal\/"},"modified":"2025-11-27T13:42:06","modified_gmt":"2025-11-27T13:42:06","slug":"informacion-legal","status":"publish","type":"page","link":"https:\/\/astramyglow.com\/es\/informacion-legal\/","title":{"rendered":"Informaci\u00f3n legal"},"content":{"rendered":"\t\t<div data-elementor-type=\"wp-page\" data-elementor-id=\"476\" class=\"elementor elementor-476 elementor-18\" data-elementor-post-type=\"page\">\n\t\t\t\t\t\t<section class=\"elementor-section elementor-top-section elementor-element elementor-element-8127a98 elementor-section-full_width elementor-section-height-min-height elementor-section-height-default elementor-section-items-middle\" data-id=\"8127a98\" data-element_type=\"section\" data-settings=\"{&quot;background_background&quot;:&quot;gradient&quot;}\">\n\t\t\t\t\t\t\t<div class=\"elementor-background-overlay\"><\/div>\n\t\t\t\t\t\t\t<div class=\"elementor-container elementor-column-gap-no\">\n\t\t\t\t\t<div class=\"elementor-column elementor-col-100 elementor-top-column elementor-element elementor-element-38cab81\" data-id=\"38cab81\" data-element_type=\"column\">\n\t\t\t<div class=\"elementor-widget-wrap elementor-element-populated\">\n\t\t\t\t\t\t<div class=\"elementor-element elementor-element-d2bcc0d elementor-icon-list--layout-inline elementor-align-center elementor-list-item-link-full_width elementor-widget elementor-widget-icon-list\" data-id=\"d2bcc0d\" data-element_type=\"widget\" data-widget_type=\"icon-list.default\">\n\t\t\t\t<div class=\"elementor-widget-container\">\n\t\t\t\t\t\t\t<ul class=\"elementor-icon-list-items elementor-inline-items\">\n\t\t\t\t\t\t\t<li class=\"elementor-icon-list-item elementor-inline-item\">\n\t\t\t\t\t\t\t\t\t\t\t<span class=\"elementor-icon-list-icon\">\n\t\t\t\t\t\t\t<svg aria-hidden=\"true\" class=\"e-font-icon-svg e-fas-prescription-bottle-alt\" viewBox=\"0 0 384 512\" xmlns=\"http:\/\/www.w3.org\/2000\/svg\"><path d=\"M360 0H24C10.8 0 0 10.8 0 24v48c0 13.2 10.8 24 24 24h336c13.2 0 24-10.8 24-24V24c0-13.2-10.8-24-24-24zM32 480c0 17.6 14.4 32 32 32h256c17.6 0 32-14.4 32-32V128H32v352zm64-184c0-4.4 3.6-8 8-8h56v-56c0-4.4 3.6-8 8-8h48c4.4 0 8 3.6 8 8v56h56c4.4 0 8 3.6 8 8v48c0 4.4-3.6 8-8 8h-56v56c0 4.4-3.6 8-8 8h-48c-4.4 0-8-3.6-8-8v-56h-56c-4.4 0-8-3.6-8-8v-48z\"><\/path><\/svg>\t\t\t\t\t\t<\/span>\n\t\t\t\t\t\t\t\t\t\t<span class=\"elementor-icon-list-text\">Brillo de astramia<\/span>\n\t\t\t\t\t\t\t\t\t<\/li>\n\t\t\t\t\t\t<\/ul>\n\t\t\t\t\t\t<\/div>\n\t\t\t\t<\/div>\n\t\t\t\t<div class=\"elementor-element elementor-element-0e9cdbc elementor-widget elementor-widget-heading\" data-id=\"0e9cdbc\" data-element_type=\"widget\" data-widget_type=\"heading.default\">\n\t\t\t\t<div class=\"elementor-widget-container\">\n\t\t\t\t\t<h1 class=\"elementor-heading-title elementor-size-default\">Informaci\u00f3n legal<\/h1>\t\t\t\t<\/div>\n\t\t\t\t<\/div>\n\t\t\t\t\t<\/div>\n\t\t<\/div>\n\t\t\t\t\t<\/div>\n\t\t<\/section>\n\t\t<div class=\"elementor-element elementor-element-9a36266 e-flex e-con-boxed e-con e-parent\" data-id=\"9a36266\" data-element_type=\"container\">\n\t\t\t\t\t<div class=\"e-con-inner\">\n\t\t\t\t<div class=\"elementor-element elementor-element-f555ac4 elementor-widget elementor-widget-heading\" data-id=\"f555ac4\" data-element_type=\"widget\" data-widget_type=\"heading.default\">\n\t\t\t\t<div class=\"elementor-widget-container\">\n\t\t\t\t\t<h2 class=\"elementor-heading-title elementor-size-default\">1. Informaci\u00f3n legal<\/h2>\t\t\t\t<\/div>\n\t\t\t\t<\/div>\n\t\t\t\t<div class=\"elementor-element elementor-element-885b3e5 elementor-widget elementor-widget-text-editor\" data-id=\"885b3e5\" data-element_type=\"widget\" data-widget_type=\"text-editor.default\">\n\t\t\t\t<div class=\"elementor-widget-container\">\n\t\t\t\t\t\t\t\t\t<p>De conformidad con las disposiciones de los art\u00edculos 6-III y 19 de la Ley francesa sobre la confianza en la econom\u00eda digital, te informamos de que este sitio web est\u00e1 alojado en :<\/p><p>OVH SAS con un capital de 10.069.020 euros<\/p><p>RCS Lille M\u00e9tropole 424 761 419 00045<\/p><p>C\u00f3digo APE 2620Z<\/p><p>N\u00daMERO DE IVA: FR 22 424 761 419<\/p><p>Domicilio social: 2 rue Kellermann &#8211; 59100 Roubaix &#8211; Francia<\/p>\t\t\t\t\t\t\t\t<\/div>\n\t\t\t\t<\/div>\n\t\t\t\t<div class=\"elementor-element elementor-element-be0e29e elementor-widget elementor-widget-heading\" data-id=\"be0e29e\" data-element_type=\"widget\" data-widget_type=\"heading.default\">\n\t\t\t\t<div class=\"elementor-widget-container\">\n\t\t\t\t\t<h2 class=\"elementor-heading-title elementor-size-default\">2. Derechos de autor y propiedad intelectual<\/h2>\t\t\t\t<\/div>\n\t\t\t\t<\/div>\n\t\t\t\t<div class=\"elementor-element elementor-element-3988319 elementor-widget elementor-widget-text-editor\" data-id=\"3988319\" data-element_type=\"widget\" data-widget_type=\"text-editor.default\">\n\t\t\t\t<div class=\"elementor-widget-container\">\n\t\t\t\t\t\t\t\t\t<p>Todos los art\u00edculos de nuestro sitio est\u00e1n protegidos por las disposiciones del C\u00f3digo de la Propiedad Intelectual franc\u00e9s. En consecuencia, queda prohibida su reproducci\u00f3n total o parcial, as\u00ed como su imitaci\u00f3n, sin nuestro consentimiento expreso previo y por escrito.<\/p><p>Est\u00e1 estrictamente prohibido recopilar y utilizar la informaci\u00f3n disponible en el sitio con fines comerciales.<\/p><p>Esta prohibici\u00f3n incluye, entre otros, todos los elementos editoriales que aparecen en el sitio, la presentaci\u00f3n de pantallas, el software necesario para el funcionamiento, logotipos, im\u00e1genes, fotos y gr\u00e1ficos de cualquier tipo.<\/p>\t\t\t\t\t\t\t\t<\/div>\n\t\t\t\t<\/div>\n\t\t\t\t<div class=\"elementor-element elementor-element-a6f4165 elementor-widget elementor-widget-heading\" data-id=\"a6f4165\" data-element_type=\"widget\" data-widget_type=\"heading.default\">\n\t\t\t\t<div class=\"elementor-widget-container\">\n\t\t\t\t\t<h2 class=\"elementor-heading-title elementor-size-default\">3. Cookies<\/h2>\t\t\t\t<\/div>\n\t\t\t\t<\/div>\n\t\t\t\t<div class=\"elementor-element elementor-element-0fdd19c elementor-widget elementor-widget-text-editor\" data-id=\"0fdd19c\" data-element_type=\"widget\" data-widget_type=\"text-editor.default\">\n\t\t\t\t<div class=\"elementor-widget-container\">\n\t\t\t\t\t\t\t\t\t<p>Este sitio web utiliza cookies, y el servidor web recoge informaci\u00f3n sobre c\u00f3mo se utiliza nuestro sitio. La informaci\u00f3n recogida incluye, por ejemplo, la fecha y hora de las visitas, el n\u00famero de p\u00e1ginas vistas y el tiempo pasado en nuestro sitio.<\/p><p>La informaci\u00f3n recopilada no se utilizar\u00e1 para ning\u00fan otro fin y, en particular, no se utilizar\u00e1 con fines comerciales sin tu permiso.<\/p><p>Las cookies son peque\u00f1os archivos de texto que incluyen un identificador an\u00f3nimo. Cuando visitas un sitio web, el sitio pide permiso a tu ordenador para guardar este archivo en un directorio de tu disco duro dedicado a las cookies. Cada sitio puede almacenar su propia cookie si la configuraci\u00f3n de tu navegador lo permite, pero para proteger tu privacidad, tu navegador s\u00f3lo permite que un sitio acceda a la cookie que ha almacenado, y no a las cookies almacenadas por otros sitios.<\/p>\t\t\t\t\t\t\t\t<\/div>\n\t\t\t\t<\/div>\n\t\t\t\t\t<\/div>\n\t\t\t\t<\/div>\n\t\t\t\t<\/div>\n\t\t","protected":false},"excerpt":{"rendered":"<p>Brillo de astramia Informaci\u00f3n legal 1. Informaci\u00f3n legal De conformidad con las disposiciones de los art\u00edculos 6-III y 19 de la Ley francesa sobre la confianza en la econom\u00eda digital, te informamos de que este sitio web est\u00e1 alojado en : OVH SAS con un capital de 10.069.020 euros RCS Lille M\u00e9tropole 424 761 419 [&hellip;]<\/p>\n","protected":false},"author":2,"featured_media":0,"parent":0,"menu_order":0,"comment_status":"closed","ping_status":"closed","template":"","meta":{"footnotes":""},"class_list":["post-476","page","type-page","status-publish","hentry"],"yoast_head":"<!-- This site is optimized with the Yoast SEO plugin v24.8.1 - https:\/\/yoast.com\/wordpress\/plugins\/seo\/ -->\n<title>Informaci\u00f3n legal - %<\/title>\n<meta name=\"robots\" content=\"noindex, nofollow\" \/>\n<meta property=\"og:locale\" content=\"es_ES\" \/>\n<meta property=\"og:type\" content=\"article\" \/>\n<meta property=\"og:title\" content=\"Informaci\u00f3n legal - %\" \/>\n<meta property=\"og:description\" content=\"Brillo de astramia Informaci\u00f3n legal 1. Informaci\u00f3n legal De conformidad con las disposiciones de los art\u00edculos 6-III y 19 de la Ley francesa sobre la confianza en la econom\u00eda digital, te informamos de que este sitio web est\u00e1 alojado en : OVH SAS con un capital de 10.069.020 euros RCS Lille M\u00e9tropole 424 761 419 [&hellip;]\" \/>\n<meta property=\"og:url\" content=\"https:\/\/astramyglow.com\/es\/informacion-legal\/\" \/>\n<meta property=\"og:site_name\" content=\"Astramyglow.com\" \/>\n<meta property=\"article:modified_time\" content=\"2025-11-27T13:42:06+00:00\" \/>\n<meta name=\"twitter:card\" content=\"summary_large_image\" \/>\n<meta name=\"twitter:label1\" content=\"Tiempo de lectura\" \/>\n\t<meta name=\"twitter:data1\" content=\"2 minutos\" \/>\n<script type=\"application\/ld+json\" class=\"yoast-schema-graph\">{\"@context\":\"https:\/\/schema.org\",\"@graph\":[{\"@type\":\"WebPage\",\"@id\":\"https:\/\/astramyglow.com\/es\/informacion-legal\/\",\"url\":\"https:\/\/astramyglow.com\/es\/informacion-legal\/\",\"name\":\"Informaci\u00f3n legal - %\",\"isPartOf\":{\"@id\":\"https:\/\/astramyglow.com\/es\/#website\"},\"datePublished\":\"2025-04-03T12:39:44+00:00\",\"dateModified\":\"2025-11-27T13:42:06+00:00\",\"breadcrumb\":{\"@id\":\"https:\/\/astramyglow.com\/es\/informacion-legal\/#breadcrumb\"},\"inLanguage\":\"es\",\"potentialAction\":[{\"@type\":\"ReadAction\",\"target\":[\"https:\/\/astramyglow.com\/es\/informacion-legal\/\"]}]},{\"@type\":\"BreadcrumbList\",\"@id\":\"https:\/\/astramyglow.com\/es\/informacion-legal\/#breadcrumb\",\"itemListElement\":[{\"@type\":\"ListItem\",\"position\":1,\"name\":\"Inicio\",\"item\":\"https:\/\/astramyglow.com\/es\/brillo-de-astramia\/\"},{\"@type\":\"ListItem\",\"position\":2,\"name\":\"Informaci\u00f3n legal\"}]},{\"@type\":\"WebSite\",\"@id\":\"https:\/\/astramyglow.com\/es\/#website\",\"url\":\"https:\/\/astramyglow.com\/es\/\",\"name\":\"Astramyglow.com\",\"description\":\"Mi blog de WordPress\",\"potentialAction\":[{\"@type\":\"SearchAction\",\"target\":{\"@type\":\"EntryPoint\",\"urlTemplate\":\"https:\/\/astramyglow.com\/es\/?s={search_term_string}\"},\"query-input\":{\"@type\":\"PropertyValueSpecification\",\"valueRequired\":true,\"valueName\":\"search_term_string\"}}],\"inLanguage\":\"es\"}]}<\/script>\n<!-- \/ Yoast SEO plugin. -->","yoast_head_json":{"title":"Informaci\u00f3n legal - %","robots":{"index":"noindex","follow":"nofollow"},"og_locale":"es_ES","og_type":"article","og_title":"Informaci\u00f3n legal - %","og_description":"Brillo de astramia Informaci\u00f3n legal 1. Informaci\u00f3n legal De conformidad con las disposiciones de los art\u00edculos 6-III y 19 de la Ley francesa sobre la confianza en la econom\u00eda digital, te informamos de que este sitio web est\u00e1 alojado en : OVH SAS con un capital de 10.069.020 euros RCS Lille M\u00e9tropole 424 761 419 [&hellip;]","og_url":"https:\/\/astramyglow.com\/es\/informacion-legal\/","og_site_name":"Astramyglow.com","article_modified_time":"2025-11-27T13:42:06+00:00","twitter_card":"summary_large_image","twitter_misc":{"Tiempo de lectura":"2 minutos"},"schema":{"@context":"https:\/\/schema.org","@graph":[{"@type":"WebPage","@id":"https:\/\/astramyglow.com\/es\/informacion-legal\/","url":"https:\/\/astramyglow.com\/es\/informacion-legal\/","name":"Informaci\u00f3n legal - %","isPartOf":{"@id":"https:\/\/astramyglow.com\/es\/#website"},"datePublished":"2025-04-03T12:39:44+00:00","dateModified":"2025-11-27T13:42:06+00:00","breadcrumb":{"@id":"https:\/\/astramyglow.com\/es\/informacion-legal\/#breadcrumb"},"inLanguage":"es","potentialAction":[{"@type":"ReadAction","target":["https:\/\/astramyglow.com\/es\/informacion-legal\/"]}]},{"@type":"BreadcrumbList","@id":"https:\/\/astramyglow.com\/es\/informacion-legal\/#breadcrumb","itemListElement":[{"@type":"ListItem","position":1,"name":"Inicio","item":"https:\/\/astramyglow.com\/es\/brillo-de-astramia\/"},{"@type":"ListItem","position":2,"name":"Informaci\u00f3n legal"}]},{"@type":"WebSite","@id":"https:\/\/astramyglow.com\/es\/#website","url":"https:\/\/astramyglow.com\/es\/","name":"Astramyglow.com","description":"Mi blog de WordPress","potentialAction":[{"@type":"SearchAction","target":{"@type":"EntryPoint","urlTemplate":"https:\/\/astramyglow.com\/es\/?s={search_term_string}"},"query-input":{"@type":"PropertyValueSpecification","valueRequired":true,"valueName":"search_term_string"}}],"inLanguage":"es"}]}},"_links":{"self":[{"href":"https:\/\/astramyglow.com\/es\/wp-json\/wp\/v2\/pages\/476","targetHints":{"allow":["GET"]}}],"collection":[{"href":"https:\/\/astramyglow.com\/es\/wp-json\/wp\/v2\/pages"}],"about":[{"href":"https:\/\/astramyglow.com\/es\/wp-json\/wp\/v2\/types\/page"}],"author":[{"embeddable":true,"href":"https:\/\/astramyglow.com\/es\/wp-json\/wp\/v2\/users\/2"}],"replies":[{"embeddable":true,"href":"https:\/\/astramyglow.com\/es\/wp-json\/wp\/v2\/comments?post=476"}],"version-history":[{"count":1,"href":"https:\/\/astramyglow.com\/es\/wp-json\/wp\/v2\/pages\/476\/revisions"}],"predecessor-version":[{"id":477,"href":"https:\/\/astramyglow.com\/es\/wp-json\/wp\/v2\/pages\/476\/revisions\/477"}],"wp:attachment":[{"href":"https:\/\/astramyglow.com\/es\/wp-json\/wp\/v2\/media?parent=476"}],"curies":[{"name":"wp","href":"https:\/\/api.w.org\/{rel}","templated":true}]}}